{"id":14,"date":"2020-11-13T17:04:03","date_gmt":"2020-11-13T17:04:03","guid":{"rendered":"https:\/\/andreimario.ro\/?page_id=14"},"modified":"2020-11-29T16:28:41","modified_gmt":"2020-11-29T16:28:41","slug":"despre","status":"publish","type":"page","link":"https:\/\/andreimario.ro\/index.php\/despre\/","title":{"rendered":"Despre acest blog"},"content":{"rendered":"\t\t<div data-elementor-type=\"wp-page\" data-elementor-id=\"14\" class=\"elementor elementor-14\">\n\t\t\t\t\t\t<div class=\"elementor-inner\">\n\t\t\t\t<div class=\"elementor-section-wrap\">\n\t\t\t\t\t\t\t\t\t<section class=\"elementor-section elementor-top-section elementor-element elementor-element-24a3844 elementor-section-boxed elementor-section-height-default elementor-section-height-default\" data-id=\"24a3844\" data-element_type=\"section\">\n\t\t\t\t\t\t<div class=\"elementor-container elementor-column-gap-default\">\n\t\t\t\t\t\t\t<div class=\"elementor-row\">\n\t\t\t\t\t<div class=\"elementor-column elementor-col-100 elementor-top-column elementor-element elementor-element-341f5ab\" data-id=\"341f5ab\" data-element_type=\"column\">\n\t\t\t<div class=\"elementor-column-wrap elementor-element-populated\">\n\t\t\t\t\t\t\t<div class=\"elementor-widget-wrap\">\n\t\t\t\t\t\t<div class=\"elementor-element elementor-element-f2c2e92 elementor-widget elementor-widget-image\" data-id=\"f2c2e92\" data-element_type=\"widget\" data-widget_type=\"image.default\">\n\t\t\t\t<div class=\"elementor-widget-container\">\n\t\t\t\t\t\t\t\t<div class=\"elementor-image\">\n\t\t\t\t\t\t\t\t\t\t\t\t\t<a href=\"https:\/\/andreimario.ro\/wp-content\/uploads\/2020\/11\/pexels-kaboompics-com-6375.png\" data-elementor-open-lightbox=\"yes\" data-elementor-lightbox-title=\"pexels-kaboompics-com-6375\" e-action-hash=\"#elementor-action%3Aaction%3Dlightbox%26settings%3DeyJpZCI6MjgwLCJ1cmwiOiJodHRwczpcL1wvYW5kcmVpbWFyaW8ucm9cL3dwLWNvbnRlbnRcL3VwbG9hZHNcLzIwMjBcLzExXC9wZXhlbHMta2Fib29tcGljcy1jb20tNjM3NS5wbmcifQ%3D%3D\">\n\t\t\t\t\t\t\t<img width=\"1024\" height=\"683\" src=\"https:\/\/andreimario.ro\/wp-content\/uploads\/2020\/11\/pexels-kaboompics-com-6375-1024x683.png\" class=\"attachment-large size-large\" alt=\"\" loading=\"lazy\" srcset=\"https:\/\/andreimario.ro\/wp-content\/uploads\/2020\/11\/pexels-kaboompics-com-6375-1024x683.png 1024w, https:\/\/andreimario.ro\/wp-content\/uploads\/2020\/11\/pexels-kaboompics-com-6375-300x200.png 300w, https:\/\/andreimario.ro\/wp-content\/uploads\/2020\/11\/pexels-kaboompics-com-6375-768x512.png 768w, https:\/\/andreimario.ro\/wp-content\/uploads\/2020\/11\/pexels-kaboompics-com-6375-1536x1024.png 1536w, https:\/\/andreimario.ro\/wp-content\/uploads\/2020\/11\/pexels-kaboompics-com-6375.png 1800w\" sizes=\"(max-width: 1024px) 100vw, 1024px\" \/>\t\t\t\t\t\t\t\t<\/a>\n\t\t\t\t\t\t\t\t\t\t\t\t\t\t<\/div>\n\t\t\t\t\t\t<\/div>\n\t\t\t\t<\/div>\n\t\t\t\t\t\t<\/div>\n\t\t\t\t\t<\/div>\n\t\t<\/div>\n\t\t\t\t\t\t\t\t<\/div>\n\t\t\t\t\t<\/div>\n\t\t<\/section>\n\t\t\t\t<section class=\"elementor-section elementor-top-section elementor-element elementor-element-8be342d elementor-section-boxed elementor-section-height-default elementor-section-height-default\" data-id=\"8be342d\" data-element_type=\"section\">\n\t\t\t\t\t\t<div class=\"elementor-container elementor-column-gap-default\">\n\t\t\t\t\t\t\t<div class=\"elementor-row\">\n\t\t\t\t\t<div class=\"elementor-column elementor-col-100 elementor-top-column elementor-element elementor-element-3c2fac6\" data-id=\"3c2fac6\" data-element_type=\"column\">\n\t\t\t<div class=\"elementor-column-wrap elementor-element-populated\">\n\t\t\t\t\t\t\t<div class=\"elementor-widget-wrap\">\n\t\t\t\t\t\t<div class=\"elementor-element elementor-element-3efdd96 elementor-widget elementor-widget-text-editor\" data-id=\"3efdd96\" data-element_type=\"widget\" data-widget_type=\"text-editor.default\">\n\t\t\t\t<div class=\"elementor-widget-container\">\n\t\t\t\t\t\t\t\t<div class=\"elementor-text-editor elementor-clearfix\">\n\t\t\t\t<p><style>\n      p { text-indent: 25px; text-align: justify;}<br \/>    <\/style><\/p><p>Bine a\u021bi venit \u00een spa\u021biul meu personal de joac\u0103. Bine, nu chiar de joac\u0103&#8230; Adic\u0103, este adev\u0103rat ca am creat acest blog dintr-o anumit\u0103 pasiune. Pasiune pentru idei, pentru schimbul de opinii, pentru dezbatere. \u0218i din nevoia tot mai acut\u0103 pe care o simt de a exprima unele lucruri care consider c\u0103 trebuie spuse.<\/p><p>\u00cens\u0103 majoritatea lucrurilor despre care o s\u0103 vreau s\u0103 vorbesc aici vor fi serioase. \u00cemi doresc s\u0103 exprim opinii, principii, sa scriu despre subiecte care cred c\u0103 merit\u0103 discutate, s\u0103 abordez aspecte legate de societate, educa\u021bie sau via\u021ba de zi cu zi. Evident, atunci c\u00e2nd voi avea ceva de spus voi spune, dac\u0103 am un subiect pe care vreau sa \u00eel abordez, voi scrie despre el. P\u00e2na la urm\u0103, acesta este spatiul meu, personal, unde v\u0103 invit pe to\u021bi s\u0103 st\u0103m de vorb\u0103 \u0219i s\u0103 petrecem timp \u00eempreun\u0103. Asa c\u0103 nu promit c\u0103 toate subiectele abordate vor fi serioase. Doar atunci c\u00e2nd ai invita\u021bi trebuie s\u0103 fie \u0219i un pic de distrac\u021bie, nu?<\/p><p>A\u0219adar, ca sumar, aceste este, \u00een primul r\u00e2nd, un blog de opinie generala. \u0218i, foarte important, opinie <b>informat\u0103<\/b>. Acesta este una dintre ideile de baz\u0103 ale blogului. Am considerat \u00eentotdeauna c\u0103, \u00een momentul \u00een care exprimi public o opinie, trebuie sa o faci in mod responsabil. Opinia respectiv\u0103 trebuie s\u0103 aiba ceva la baz\u0103, informa\u021bii, experien\u021be personale, lucruri concrete care s\u0103 o valideze, si o judecat\u0103 bazat\u0103 pe logic\u0103. O opinie exprimat\u0103 public are \u00eentotdeauna influen\u021b\u0103, mai mare sau mai mic\u0103, motiv pentru care eu consider c\u0103, de\u0219i libertatea de opinie trebuie sa existe, acest drept poart\u0103 cu sine \u0219i responsabilitate. \u00cencerc, pe c\u00e2t posibil, s\u0103 respect aceste principii. Pe de alt\u0103 parte, tot ceea ce scriu pe acest blog reprezint\u0103 ideile, opiniile \u0219i perspectivele mele personale, \u0219i trebuie tratate ca atare. Nu pretind c\u0103 de\u021bin adev\u0103rul absolut, \u0219i am \u00eentotdeauna rezerva c\u0103 s-ar putea sa gresesc, oric\u00e2t de convins a\u0219 fi de un anume lucru.<\/p><p>\u00cemi doresc foarte mult s\u0103 dezbatem c\u00e2t mai multe lucruri aici. \u00cencurajez orice fel de comentarii la articolele pe care le scriu, cu doua condi\u021bii: s\u0103 fie <b>responsabile<\/b> \u0219i s\u0103 fie <b>civilizate<\/b>. Nu admit nici un fel de atac la adresa nim\u0103nui. Daca nu e\u0219ti de acord cu cele spuse de altcineva, e\u0219ti liber s\u0103 \u00eel contrazici, \u00eens\u0103 cu argumente, ar\u0103t\u00e2ndu-i unde gre\u0219e\u0219te. F\u0103r\u0103 insulte, far\u0103 discu\u021bii legate de persoana celui cu care vorbe\u0219ti. \u00cen rest, sunt bineveni\u021bi pe acest blog \u0219i cei care sunt de acord cu mine, \u0219i cei care nu sunt, \u00een egal\u0103 m\u0103sur\u0103.<\/p>\t\t\t\t\t<\/div>\n\t\t\t\t\t\t<\/div>\n\t\t\t\t<\/div>\n\t\t\t\t\t\t<\/div>\n\t\t\t\t\t<\/div>\n\t\t<\/div>\n\t\t\t\t\t\t\t\t<\/div>\n\t\t\t\t\t<\/div>\n\t\t<\/section>\n\t\t\t\t\t\t\t\t\t<\/div>\n\t\t\t<\/div>\n\t\t\t\t\t<\/div>\n\t\t","protected":false},"excerpt":{"rendered":"<p>Bine a\u021bi venit \u00een spa\u021biul meu personal de joac\u0103. Bine, nu chiar de joac\u0103&#8230; Adic\u0103, este adev\u0103rat ca am creat acest blog dintr-o anumit\u0103 pasiune. Pasiune pentru idei, pentru schimbul de opinii, pentru dezbatere. \u0218i din nevoia tot mai acut\u0103 pe care o simt de a exprima unele lucruri care consider c\u0103 trebuie spuse. \u00cens\u0103 [&hellip;]<\/p>\n","protected":false},"author":1,"featured_media":280,"parent":0,"menu_order":0,"comment_status":"closed","ping_status":"closed","template":"","meta":{"_monsterinsights_skip_tracking":false,"_monsterinsights_sitenote_active":false,"_monsterinsights_sitenote_note":"","_monsterinsights_sitenote_category":0},"yoast_head":"<!-- This site is optimized with the Yoast SEO plugin v15.2.1 - https:\/\/yoast.com\/wordpress\/plugins\/seo\/ -->\n<title>Despre acest blog - Andrei Mario Ivan<\/title>\n<meta name=\"robots\" content=\"index, follow, max-snippet:-1, max-image-preview:large, max-video-preview:-1\" \/>\n<link rel=\"canonical\" href=\"https:\/\/andreimario.ro\/index.php\/despre\/\" \/>\n<meta property=\"og:locale\" content=\"en_GB\" \/>\n<meta property=\"og:type\" content=\"article\" \/>\n<meta property=\"og:title\" content=\"Despre acest blog - Andrei Mario Ivan\" \/>\n<meta property=\"og:description\" content=\"Bine a\u021bi venit \u00een spa\u021biul meu personal de joac\u0103. Bine, nu chiar de joac\u0103&#8230; Adic\u0103, este adev\u0103rat ca am creat acest blog dintr-o anumit\u0103 pasiune. Pasiune pentru idei, pentru schimbul de opinii, pentru dezbatere. \u0218i din nevoia tot mai acut\u0103 pe care o simt de a exprima unele lucruri care consider c\u0103 trebuie spuse. \u00cens\u0103 [&hellip;]\" \/>\n<meta property=\"og:url\" content=\"https:\/\/andreimario.ro\/index.php\/despre\/\" \/>\n<meta property=\"og:site_name\" content=\"Andrei Mario Ivan\" \/>\n<meta property=\"article:author\" content=\"https:\/\/www.facebook.com\/andreimario.ivan.3\" \/>\n<meta property=\"article:modified_time\" content=\"2020-11-29T16:28:41+00:00\" \/>\n<meta property=\"og:image\" content=\"https:\/\/andreimario.ro\/wp-content\/uploads\/2020\/11\/pexels-kaboompics-com-6375.png\" \/>\n\t<meta property=\"og:image:width\" content=\"1800\" \/>\n\t<meta property=\"og:image:height\" content=\"1200\" \/>\n<meta name=\"twitter:card\" content=\"summary_large_image\" \/>\n<meta name=\"twitter:label1\" content=\"Written by\">\n\t<meta name=\"twitter:data1\" content=\"Mario\">\n\t<meta name=\"twitter:label2\" content=\"Estimated reading time\">\n\t<meta name=\"twitter:data2\" content=\"2 minutes\">\n<script type=\"application\/ld+json\" class=\"yoast-schema-graph\">{\"@context\":\"https:\/\/schema.org\",\"@graph\":[{\"@type\":\"WebSite\",\"@id\":\"https:\/\/andreimario.ro\/#website\",\"url\":\"https:\/\/andreimario.ro\/\",\"name\":\"Andrei Mario Ivan\",\"description\":\"Andrei Mario Ivan - Opinii, informa\\u021bii, logic\\u0103\",\"potentialAction\":[{\"@type\":\"SearchAction\",\"target\":\"https:\/\/andreimario.ro\/?s={search_term_string}\",\"query-input\":\"required name=search_term_string\"}],\"inLanguage\":\"en-GB\"},{\"@type\":\"ImageObject\",\"@id\":\"https:\/\/andreimario.ro\/index.php\/despre\/#primaryimage\",\"inLanguage\":\"en-GB\",\"url\":\"https:\/\/andreimario.ro\/wp-content\/uploads\/2020\/11\/pexels-kaboompics-com-6375.png\",\"width\":1800,\"height\":1200},{\"@type\":\"WebPage\",\"@id\":\"https:\/\/andreimario.ro\/index.php\/despre\/#webpage\",\"url\":\"https:\/\/andreimario.ro\/index.php\/despre\/\",\"name\":\"Despre acest blog - Andrei Mario Ivan\",\"isPartOf\":{\"@id\":\"https:\/\/andreimario.ro\/#website\"},\"primaryImageOfPage\":{\"@id\":\"https:\/\/andreimario.ro\/index.php\/despre\/#primaryimage\"},\"datePublished\":\"2020-11-13T17:04:03+00:00\",\"dateModified\":\"2020-11-29T16:28:41+00:00\",\"inLanguage\":\"en-GB\",\"potentialAction\":[{\"@type\":\"ReadAction\",\"target\":[\"https:\/\/andreimario.ro\/index.php\/despre\/\"]}]}]}<\/script>\n<!-- \/ Yoast SEO plugin. -->","_links":{"self":[{"href":"https:\/\/andreimario.ro\/index.php\/wp-json\/wp\/v2\/pages\/14"}],"collection":[{"href":"https:\/\/andreimario.ro\/index.php\/wp-json\/wp\/v2\/pages"}],"about":[{"href":"https:\/\/andreimario.ro\/index.php\/wp-json\/wp\/v2\/types\/page"}],"author":[{"embeddable":true,"href":"https:\/\/andreimario.ro\/index.php\/wp-json\/wp\/v2\/users\/1"}],"replies":[{"embeddable":true,"href":"https:\/\/andreimario.ro\/index.php\/wp-json\/wp\/v2\/comments?post=14"}],"version-history":[{"count":34,"href":"https:\/\/andreimario.ro\/index.php\/wp-json\/wp\/v2\/pages\/14\/revisions"}],"predecessor-version":[{"id":433,"href":"https:\/\/andreimario.ro\/index.php\/wp-json\/wp\/v2\/pages\/14\/revisions\/433"}],"wp:featuredmedia":[{"embeddable":true,"href":"https:\/\/andreimario.ro\/index.php\/wp-json\/wp\/v2\/media\/280"}],"wp:attachment":[{"href":"https:\/\/andreimario.ro\/index.php\/wp-json\/wp\/v2\/media?parent=14"}],"curies":[{"name":"wp","href":"https:\/\/api.w.org\/{rel}","templated":true}]}}