{"id":184,"date":"2020-11-17T06:44:07","date_gmt":"2020-11-17T06:44:07","guid":{"rendered":"https:\/\/andreimario.ro\/?page_id=184"},"modified":"2020-12-10T20:08:47","modified_gmt":"2020-12-10T20:08:47","slug":"despre-mine","status":"publish","type":"page","link":"https:\/\/andreimario.ro\/index.php\/despre-mine\/","title":{"rendered":"Despre mine"},"content":{"rendered":"\t\t<div data-elementor-type=\"wp-page\" data-elementor-id=\"184\" class=\"elementor elementor-184\">\n\t\t\t\t\t\t<div class=\"elementor-inner\">\n\t\t\t\t<div class=\"elementor-section-wrap\">\n\t\t\t\t\t\t\t\t\t<section class=\"elementor-section elementor-top-section elementor-element elementor-element-520f3f1 elementor-section-boxed elementor-section-height-default elementor-section-height-default\" data-id=\"520f3f1\" data-element_type=\"section\">\n\t\t\t\t\t\t<div class=\"elementor-container elementor-column-gap-default\">\n\t\t\t\t\t\t\t<div class=\"elementor-row\">\n\t\t\t\t\t<div class=\"elementor-column elementor-col-100 elementor-top-column elementor-element elementor-element-e8e7b12\" data-id=\"e8e7b12\" data-element_type=\"column\">\n\t\t\t<div class=\"elementor-column-wrap elementor-element-populated\">\n\t\t\t\t\t\t\t<div class=\"elementor-widget-wrap\">\n\t\t\t\t\t\t<div class=\"elementor-element elementor-element-2a33046 elementor-widget elementor-widget-text-editor\" data-id=\"2a33046\" data-element_type=\"widget\" data-widget_type=\"text-editor.default\">\n\t\t\t\t<div class=\"elementor-widget-container\">\n\t\t\t\t\t\t\t\t<div class=\"elementor-text-editor elementor-clearfix\">\n\t\t\t\t<p><img loading=\"lazy\" class=\"alignnone size-medium wp-image-560 alignleft\" src=\"https:\/\/andreimario.ro\/wp-content\/uploads\/2020\/12\/despre-mine-5-228x300.jpg\" alt=\"\" width=\"228\" height=\"300\" srcset=\"https:\/\/andreimario.ro\/wp-content\/uploads\/2020\/12\/despre-mine-5-228x300.jpg 228w, https:\/\/andreimario.ro\/wp-content\/uploads\/2020\/12\/despre-mine-5.jpg 568w\" sizes=\"(max-width: 228px) 100vw, 228px\" \/><\/p><p><style>\n      p { text-indent: 25px; text-align: justify;}<br \/>    <\/style><\/p><p>Hei, bine ai venit! Dac\u0103 m\u0103 cuno\u0219ti deja, m\u0103 bucur c\u0103 vrei s\u0103 vezi ce imi mai trece prin cap \u0219i te invit s\u0103 cite\u0219ti ultimele articole pe care le-am scris. Dac\u0103 nu ne cunoa\u0219tem, eu sunt Mario, inginer de profesie, cadru didactic universitar, ocazional freelancer pe diverse proiecte \u0219i unul dintre cei mai mari exper\u021bi \u00een robotic\u0103 de la mine din sat.<\/p><p>Am absolvit facultatea \u00een 2008, \u0219i de atunci am ales cariera universitar\u0103, sau mai exact ea m-a ales pe mine. Am constatat \u00eens\u0103 c\u0103 \u00eemi place. Am lucrat \u00een paralel, \u00een marea majoritate a timpului trecut de atunci, \u0219i \u00een mediul privat. \u00cen ultimul timp, activitatea mea din afara mediului universitar s-a bazat pe proiecte individuale. Nu am crezut niciodat\u0103 \u00een desprinderea de realitatea din zona practic\u0103. Sunt de p\u0103rere c\u0103, mai ales c\u00e2nd este vorba de inginerie, nu le po\u021bi spune altora cum se face un lucru numai pe baze teoretice. Pe de alt\u0103 parte, sunt perfect con\u0219tient de faptul c\u0103 practica se bazeaz\u0103 pe teorie bine \u00eenv\u0103\u021bat\u0103 \u0219i \u00een\u021beleas\u0103.<\/p><p>Consider c\u0103 libertatea fiec\u0103ruia se termin\u0103 \u00een momentul \u00een care \u00eel deranjeaz\u0103 pe cel de l\u00e2ng\u0103 el, sau acolo unde apar limitele impuse de lege. Sunt de p\u0103rere c\u0103 \u00een Rom\u00e2nia ducem o lips\u0103 acut\u0103 de educa\u021bie \u0219i de cultur\u0103. Am convingerea ferm\u0103 c\u0103 respectul \u00eentre oameni este esen\u021bial pentru civiliza\u021bie. Inclusiv respectul fa\u021b\u0103 de ceea ce este diferit de modul nostru de gandire \u0219i de via\u021b\u0103. De asemenea, cred c\u0103 fiecare trebuie s\u0103 ne asum\u0103m permanent lucrurile pe care le exprim\u0103m \u0219i ac\u021biunile pe care le facem.<\/p><p>\u00a0 Am creat blogul pe baza acestor idei. Am constatat, urmarind ce se \u00eent\u00e2mpl\u0103 \u00een jur, c\u0103 noi, ca societate, nu comunic\u0103m suficient. \u00cemi doresc s\u0103 \u00eei ajut pe cei care citesc acest blog \u00eemp\u0103rt\u0103\u0219ind din experien\u021bele mele personale, dar \u0219i s\u0103 exprim ceea ce am de spus &#8211; \u00een mod responsabil &#8211; \u0219i s\u0103 \u00eei \u00eencurajez \u0219i pe al\u021bii s\u0103 o fac\u0103. \u00cen rest, inten\u021bionez s\u0103 scriu despre ce imi trece prin cap \u0219i, oric\u00e2nd o s\u0103 am o idee sau o opinie, o sa v-o pun la dispozi\u021bie aici ca s\u0103 o discut\u0103m \u00eempreun\u0103.<\/p><p>Nu \u021bin partea nim\u0103nui, \u00een nici o privin\u021b\u0103, nu sunt implicat \u00een nici un fel de asocia\u021bie, politic\u0103 sau nu, nu fac parte din nici un grup de interese. Subiectele despre care scriu sunt alese de mine, iar opiniile \u0219i ideile pe care le exprim, corecte sau nu, vor fi \u00eentotdeauna independente \u0219i c\u00e2t mai echilibrate posibil.<\/p>\t\t\t\t\t<\/div>\n\t\t\t\t\t\t<\/div>\n\t\t\t\t<\/div>\n\t\t\t\t\t\t<\/div>\n\t\t\t\t\t<\/div>\n\t\t<\/div>\n\t\t\t\t\t\t\t\t<\/div>\n\t\t\t\t\t<\/div>\n\t\t<\/section>\n\t\t\t\t\t\t\t\t\t<\/div>\n\t\t\t<\/div>\n\t\t\t\t\t<\/div>\n\t\t","protected":false},"excerpt":{"rendered":"<p>Hei, bine ai venit! Dac\u0103 m\u0103 cuno\u0219ti deja, m\u0103 bucur c\u0103 vrei s\u0103 vezi ce imi mai trece prin cap \u0219i te invit s\u0103 cite\u0219ti ultimele articole pe care le-am scris. Dac\u0103 nu ne cunoa\u0219tem, eu sunt Mario, inginer de profesie, cadru didactic universitar, ocazional freelancer pe diverse proiecte \u0219i unul dintre cei mai mari [&hellip;]<\/p>\n","protected":false},"author":1,"featured_media":54,"parent":0,"menu_order":0,"comment_status":"closed","ping_status":"closed","template":"","meta":{"_monsterinsights_skip_tracking":false,"_monsterinsights_sitenote_active":false,"_monsterinsights_sitenote_note":"","_monsterinsights_sitenote_category":0},"yoast_head":"<!-- This site is optimized with the Yoast SEO plugin v15.2.1 - https:\/\/yoast.com\/wordpress\/plugins\/seo\/ -->\n<title>Despre mine - Andrei Mario Ivan<\/title>\n<meta name=\"robots\" content=\"index, follow, max-snippet:-1, max-image-preview:large, max-video-preview:-1\" \/>\n<link rel=\"canonical\" href=\"https:\/\/andreimario.ro\/index.php\/despre-mine\/\" \/>\n<meta property=\"og:locale\" content=\"en_GB\" \/>\n<meta property=\"og:type\" content=\"article\" \/>\n<meta property=\"og:title\" content=\"Despre mine - Andrei Mario Ivan\" \/>\n<meta property=\"og:description\" content=\"Hei, bine ai venit! Dac\u0103 m\u0103 cuno\u0219ti deja, m\u0103 bucur c\u0103 vrei s\u0103 vezi ce imi mai trece prin cap \u0219i te invit s\u0103 cite\u0219ti ultimele articole pe care le-am scris. Dac\u0103 nu ne cunoa\u0219tem, eu sunt Mario, inginer de profesie, cadru didactic universitar, ocazional freelancer pe diverse proiecte \u0219i unul dintre cei mai mari [&hellip;]\" \/>\n<meta property=\"og:url\" content=\"https:\/\/andreimario.ro\/index.php\/despre-mine\/\" \/>\n<meta property=\"og:site_name\" content=\"Andrei Mario Ivan\" \/>\n<meta property=\"article:author\" content=\"https:\/\/www.facebook.com\/andreimario.ivan.3\" \/>\n<meta property=\"article:modified_time\" content=\"2020-12-10T20:08:47+00:00\" \/>\n<meta property=\"og:image\" content=\"https:\/\/andreimario.ro\/wp-content\/uploads\/2020\/11\/pexels-pixabay-301920-scaled.jpg\" \/>\n\t<meta property=\"og:image:width\" content=\"2560\" \/>\n\t<meta property=\"og:image:height\" content=\"1706\" \/>\n<meta name=\"twitter:card\" content=\"summary_large_image\" \/>\n<meta name=\"twitter:label1\" content=\"Written by\">\n\t<meta name=\"twitter:data1\" content=\"Mario\">\n\t<meta name=\"twitter:label2\" content=\"Estimated reading time\">\n\t<meta name=\"twitter:data2\" content=\"2 minutes\">\n<script type=\"application\/ld+json\" class=\"yoast-schema-graph\">{\"@context\":\"https:\/\/schema.org\",\"@graph\":[{\"@type\":\"WebSite\",\"@id\":\"https:\/\/andreimario.ro\/#website\",\"url\":\"https:\/\/andreimario.ro\/\",\"name\":\"Andrei Mario Ivan\",\"description\":\"Andrei Mario Ivan - Opinii, informa\\u021bii, logic\\u0103\",\"potentialAction\":[{\"@type\":\"SearchAction\",\"target\":\"https:\/\/andreimario.ro\/?s={search_term_string}\",\"query-input\":\"required name=search_term_string\"}],\"inLanguage\":\"en-GB\"},{\"@type\":\"ImageObject\",\"@id\":\"https:\/\/andreimario.ro\/index.php\/despre-mine\/#primaryimage\",\"inLanguage\":\"en-GB\",\"url\":\"https:\/\/andreimario.ro\/wp-content\/uploads\/2020\/11\/pexels-pixabay-301920-scaled.jpg\",\"width\":2560,\"height\":1706},{\"@type\":\"WebPage\",\"@id\":\"https:\/\/andreimario.ro\/index.php\/despre-mine\/#webpage\",\"url\":\"https:\/\/andreimario.ro\/index.php\/despre-mine\/\",\"name\":\"Despre mine - Andrei Mario Ivan\",\"isPartOf\":{\"@id\":\"https:\/\/andreimario.ro\/#website\"},\"primaryImageOfPage\":{\"@id\":\"https:\/\/andreimario.ro\/index.php\/despre-mine\/#primaryimage\"},\"datePublished\":\"2020-11-17T06:44:07+00:00\",\"dateModified\":\"2020-12-10T20:08:47+00:00\",\"inLanguage\":\"en-GB\",\"potentialAction\":[{\"@type\":\"ReadAction\",\"target\":[\"https:\/\/andreimario.ro\/index.php\/despre-mine\/\"]}]}]}<\/script>\n<!-- \/ Yoast SEO plugin. -->","_links":{"self":[{"href":"https:\/\/andreimario.ro\/index.php\/wp-json\/wp\/v2\/pages\/184"}],"collection":[{"href":"https:\/\/andreimario.ro\/index.php\/wp-json\/wp\/v2\/pages"}],"about":[{"href":"https:\/\/andreimario.ro\/index.php\/wp-json\/wp\/v2\/types\/page"}],"author":[{"embeddable":true,"href":"https:\/\/andreimario.ro\/index.php\/wp-json\/wp\/v2\/users\/1"}],"replies":[{"embeddable":true,"href":"https:\/\/andreimario.ro\/index.php\/wp-json\/wp\/v2\/comments?post=184"}],"version-history":[{"count":43,"href":"https:\/\/andreimario.ro\/index.php\/wp-json\/wp\/v2\/pages\/184\/revisions"}],"predecessor-version":[{"id":563,"href":"https:\/\/andreimario.ro\/index.php\/wp-json\/wp\/v2\/pages\/184\/revisions\/563"}],"wp:featuredmedia":[{"embeddable":true,"href":"https:\/\/andreimario.ro\/index.php\/wp-json\/wp\/v2\/media\/54"}],"wp:attachment":[{"href":"https:\/\/andreimario.ro\/index.php\/wp-json\/wp\/v2\/media?parent=184"}],"curies":[{"name":"wp","href":"https:\/\/api.w.org\/{rel}","templated":true}]}}